{"id":48,"date":"2025-09-06T04:08:07","date_gmt":"2025-09-06T04:08:07","guid":{"rendered":"https:\/\/kapitaen-mueller.de\/?page_id=48"},"modified":"2025-09-09T08:10:39","modified_gmt":"2025-09-09T08:10:39","slug":"museum-windstaerke-10-wrack-und-fischereimuseum-cuxhaven","status":"publish","type":"page","link":"https:\/\/kapitaen-mueller.de\/?page_id=48","title":{"rendered":"Museum Windst\u00e4rke 10 \u2013 Wrack- und Fischereimuseum Cuxhaven"},"content":{"rendered":"\n<p>Das <strong>Museum Windst\u00e4rke 10<\/strong> geh\u00f6rt zu den eindrucksvollsten Kulturorten in Cuxhaven und bietet einen tiefen Einblick in die enge Verbindung der Stadt mit dem Meer, der Fischerei und der Schifffahrt. Bereits der Name \u201eWindst\u00e4rke 10\u201c verweist auf die gewaltigen Kr\u00e4fte der Natur, denen Seeleute auf Nordsee und Elbe seit Jahrhunderten ausgesetzt sind. In dem modernen Museum, das in ehemaligen Fischpackhallen untergebracht ist, k\u00f6nnen Besucher auf rund 4.000 Quadratmetern Ausstellungsfl\u00e4che in die Welt der Hochseefischerei und der Schifffahrtsgeschichte eintauchen.<\/p>\n\n\n\n<figure class=\"wp-block-image size-large\"><img loading=\"lazy\" decoding=\"async\" width=\"1024\" height=\"768\" src=\"https:\/\/kapitaen-mueller.de\/wp-content\/uploads\/2025\/09\/IMG_5366-1024x768.jpeg\" alt=\"\" class=\"wp-image-465\" style=\"aspect-ratio:16\/9;object-fit:cover\" srcset=\"https:\/\/kapitaen-mueller.de\/wp-content\/uploads\/2025\/09\/IMG_5366-1024x768.jpeg 1024w, https:\/\/kapitaen-mueller.de\/wp-content\/uploads\/2025\/09\/IMG_5366-300x225.jpeg 300w, https:\/\/kapitaen-mueller.de\/wp-content\/uploads\/2025\/09\/IMG_5366-768x576.jpeg 768w, https:\/\/kapitaen-mueller.de\/wp-content\/uploads\/2025\/09\/IMG_5366.jpeg 1280w\" sizes=\"auto, (max-width: 1024px) 100vw, 1024px\" \/><\/figure>\n\n\n\n<p>Ein zentraler Bereich widmet sich der <strong>Gefahr und Dramatik des Lebens auf See<\/strong>. Zahlreiche Originalexponate wie Wrackteile, Schiffsmodelle, Ausr\u00fcstungen und Fundst\u00fccke aus gesunkenen Schiffen erz\u00e4hlen von der harten Arbeit der Fischer und der st\u00e4ndigen Bedrohung durch St\u00fcrme, Eis und Nebel. Multimediale Installationen und Filmsequenzen machen deutlich, wie schnell aus einem normalen Arbeitstag ein \u00dcberlebenskampf werden konnte. Besonders bewegend ist die Darstellung von Schiffsungl\u00fccken in der Deutschen Bucht, die den Respekt vor der Kraft des Meeres noch verst\u00e4rken.<\/p>\n\n\n\n<p>Ein weiterer Schwerpunkt liegt auf der <strong>Hochseefischerei<\/strong>, die \u00fcber viele Jahrzehnte das wirtschaftliche und kulturelle R\u00fcckgrat Cuxhavens bildete. Modelle von Fangschiffen, originale Netze und Arbeitsger\u00e4te, aber auch pers\u00f6nliche Geschichten von Fischern und ihren Familien lassen die Vergangenheit lebendig werden. Dabei geht es nicht nur um die harte Arbeit auf den Schiffen, sondern auch um das Leben an Land: die Arbeit in den Packhallen, die Rolle der Fischauktionen und die Bedeutung der internationalen Fischm\u00e4rkte.<\/p>\n\n\n\n<p>Besonders eindrucksvoll ist die Inszenierung der <strong>Schiffswracks<\/strong>, die vor der K\u00fcste geborgen wurden. Viele Exponate sind mit pers\u00f6nlichen Schicksalen verkn\u00fcpft und vermitteln so eine Mischung aus Geschichte, Dramatik und Menschlichkeit. Erg\u00e4nzt wird dies durch k\u00fcnstlerische Darstellungen, die die enge Beziehung von Mensch und Meer thematisieren.<\/p>\n\n\n\n<figure class=\"wp-block-image size-large\"><img loading=\"lazy\" decoding=\"async\" width=\"1024\" height=\"768\" src=\"https:\/\/kapitaen-mueller.de\/wp-content\/uploads\/2025\/09\/IMG_5365-1024x768.jpeg\" alt=\"\" class=\"wp-image-464\" style=\"aspect-ratio:16\/9;object-fit:cover\" srcset=\"https:\/\/kapitaen-mueller.de\/wp-content\/uploads\/2025\/09\/IMG_5365-1024x768.jpeg 1024w, https:\/\/kapitaen-mueller.de\/wp-content\/uploads\/2025\/09\/IMG_5365-300x225.jpeg 300w, https:\/\/kapitaen-mueller.de\/wp-content\/uploads\/2025\/09\/IMG_5365-768x576.jpeg 768w, https:\/\/kapitaen-mueller.de\/wp-content\/uploads\/2025\/09\/IMG_5365.jpeg 1280w\" sizes=\"auto, (max-width: 1024px) 100vw, 1024px\" \/><\/figure>\n\n\n\n<p>Das Museum ist nicht nur f\u00fcr Erwachsene interessant, sondern bietet auch Kindern spannende M\u00f6glichkeiten. Es gibt spezielle F\u00fchrungen, Mitmachstationen und einen Museumsf\u00fchrer f\u00fcr junge Besucher, sodass die Thematik auf altersgerechte Weise vermittelt wird.<\/p>\n\n\n\n<p>Das Museum Windst\u00e4rke 10 ist damit weit mehr als ein Ort, an dem alte Gegenst\u00e4nde ausgestellt werden \u2013 es ist ein <strong>Erlebnisraum<\/strong>, der die Geschichte Cuxhavens erz\u00e4hlt und gleichzeitig das Bewusstsein f\u00fcr die Gefahren und Faszinationen des Meeres sch\u00e4rft. Wer die Stadt besucht, sollte unbedingt Zeit f\u00fcr dieses Museum einplanen, da es die maritime Identit\u00e4t Cuxhavens wie kaum ein anderer Ort widerspiegelt.<\/p>\n","protected":false},"excerpt":{"rendered":"<p>Das Museum Windst\u00e4rke 10 geh\u00f6rt zu den eindrucksvollsten Kulturorten in Cuxhaven und bietet einen tiefen Einblick in die enge Verbindung der Stadt mit dem Meer, der Fischerei und der Schifffahrt. Bereits der Name \u201eWindst\u00e4rke 10\u201c verweist auf die gewaltigen Kr\u00e4fte der Natur, denen Seeleute auf Nordsee und Elbe seit Jahrhunderten ausgesetzt sind. In dem modernen&#8230;<\/p>\n","protected":false},"author":1,"featured_media":465,"parent":0,"menu_order":0,"comment_status":"closed","ping_status":"closed","template":"","meta":{"_kadence_starter_templates_imported_post":false,"_kad_post_transparent":"","_kad_post_title":"","_kad_post_layout":"","_kad_post_sidebar_id":"","_kad_post_content_style":"","_kad_post_vertical_padding":"","_kad_post_feature":"","_kad_post_feature_position":"","_kad_post_header":false,"_kad_post_footer":false,"footnotes":""},"class_list":["post-48","page","type-page","status-publish","has-post-thumbnail","hentry"],"_links":{"self":[{"href":"https:\/\/kapitaen-mueller.de\/index.php?rest_route=\/wp\/v2\/pages\/48","targetHints":{"allow":["GET"]}}],"collection":[{"href":"https:\/\/kapitaen-mueller.de\/index.php?rest_route=\/wp\/v2\/pages"}],"about":[{"href":"https:\/\/kapitaen-mueller.de\/index.php?rest_route=\/wp\/v2\/types\/page"}],"author":[{"embeddable":true,"href":"https:\/\/kapitaen-mueller.de\/index.php?rest_route=\/wp\/v2\/users\/1"}],"replies":[{"embeddable":true,"href":"https:\/\/kapitaen-mueller.de\/index.php?rest_route=%2Fwp%2Fv2%2Fcomments&post=48"}],"version-history":[{"count":3,"href":"https:\/\/kapitaen-mueller.de\/index.php?rest_route=\/wp\/v2\/pages\/48\/revisions"}],"predecessor-version":[{"id":883,"href":"https:\/\/kapitaen-mueller.de\/index.php?rest_route=\/wp\/v2\/pages\/48\/revisions\/883"}],"wp:featuredmedia":[{"embeddable":true,"href":"https:\/\/kapitaen-mueller.de\/index.php?rest_route=\/wp\/v2\/media\/465"}],"wp:attachment":[{"href":"https:\/\/kapitaen-mueller.de\/index.php?rest_route=%2Fwp%2Fv2%2Fmedia&parent=48"}],"curies":[{"name":"wp","href":"https:\/\/api.w.org\/{rel}","templated":true}]}}