{"id":46,"date":"2025-09-06T04:07:34","date_gmt":"2025-09-06T04:07:34","guid":{"rendered":"https:\/\/kapitaen-mueller.de\/?page_id=46"},"modified":"2025-09-25T05:54:32","modified_gmt":"2025-09-25T05:54:32","slug":"schloss-ritzebuettel-das-historische-herz-von-cuxhaven","status":"publish","type":"page","link":"https:\/\/kapitaen-mueller.de\/?page_id=46","title":{"rendered":"Schloss Ritzeb\u00fcttel \u2013 Das historische Herz von Cuxhaven"},"content":{"rendered":"\n<p>Mitten im Stadtzentrum von Cuxhaven erhebt sich ein Bauwerk, das wie kaum ein anderes f\u00fcr die lange Geschichte und die kulturelle Identit\u00e4t der Stadt steht: das <strong>Schloss Ritzeb\u00fcttel<\/strong>. Es z\u00e4hlt zu den \u00e4ltesten Profanbauten der Region und ist eines der wenigen erhaltenen Backsteinschl\u00f6sser Norddeutschlands aus dem sp\u00e4ten Mittelalter. Heute ist es ein kulturelles Zentrum, das Vergangenheit und Gegenwart auf beeindruckende Weise verbindet.<\/p>\n\n\n<div class=\"wp-block-image\">\n<figure class=\"aligncenter size-full is-resized\"><img loading=\"lazy\" decoding=\"async\" width=\"640\" height=\"480\" src=\"https:\/\/kapitaen-mueller.de\/wp-content\/uploads\/2025\/09\/Altes-Amtsgericht-2.jpeg\" alt=\"\" class=\"wp-image-973\" style=\"width:1088px;height:auto\" srcset=\"https:\/\/kapitaen-mueller.de\/wp-content\/uploads\/2025\/09\/Altes-Amtsgericht-2.jpeg 640w, https:\/\/kapitaen-mueller.de\/wp-content\/uploads\/2025\/09\/Altes-Amtsgericht-2-300x225.jpeg 300w\" sizes=\"auto, (max-width: 640px) 100vw, 640px\" \/><\/figure>\n<\/div>\n\n\n<p>Die Geschichte des Schlosses reicht bis ins 14. Jahrhundert zur\u00fcck. Urspr\u00fcnglich wurde es von Hamburger Ratsherren errichtet, die Cuxhaven \u2013 damals das Amt Ritzeb\u00fcttel \u2013 als wichtigen Vorposten f\u00fcr die Handelsmetropole Hamburg betrachteten. \u00dcber Jahrhunderte diente das Schloss den Hamburger Amtm\u00e4nnern als Residenz und Verwaltungssitz. Cuxhaven stand lange Zeit unter hamburgischer Herrschaft, und Schloss Ritzeb\u00fcttel war das sichtbare Zeichen dieser Verbindung. Es pr\u00e4gte nicht nur die Politik und Verwaltung der Region, sondern auch das allt\u00e4gliche Leben der Bewohner.<\/p>\n\n\n\n<figure class=\"wp-block-gallery has-nested-images columns-default is-cropped wp-block-gallery-1 is-layout-flex wp-block-gallery-is-layout-flex\">\n<figure class=\"wp-block-image size-large\"><img loading=\"lazy\" decoding=\"async\" width=\"640\" height=\"480\" data-id=\"973\" src=\"https:\/\/kapitaen-mueller.de\/wp-content\/uploads\/2025\/09\/Altes-Amtsgericht-2.jpeg\" alt=\"\" class=\"wp-image-973\" srcset=\"https:\/\/kapitaen-mueller.de\/wp-content\/uploads\/2025\/09\/Altes-Amtsgericht-2.jpeg 640w, https:\/\/kapitaen-mueller.de\/wp-content\/uploads\/2025\/09\/Altes-Amtsgericht-2-300x225.jpeg 300w\" sizes=\"auto, (max-width: 640px) 100vw, 640px\" \/><\/figure>\n\n\n\n<figure class=\"wp-block-image size-large\"><img loading=\"lazy\" decoding=\"async\" width=\"640\" height=\"480\" data-id=\"972\" src=\"https:\/\/kapitaen-mueller.de\/wp-content\/uploads\/2025\/09\/Altes-Amtsgericht-3.jpeg\" alt=\"\" class=\"wp-image-972\" srcset=\"https:\/\/kapitaen-mueller.de\/wp-content\/uploads\/2025\/09\/Altes-Amtsgericht-3.jpeg 640w, https:\/\/kapitaen-mueller.de\/wp-content\/uploads\/2025\/09\/Altes-Amtsgericht-3-300x225.jpeg 300w\" sizes=\"auto, (max-width: 640px) 100vw, 640px\" \/><\/figure>\n\n\n\n<figure class=\"wp-block-image size-large\"><img loading=\"lazy\" decoding=\"async\" width=\"480\" height=\"640\" data-id=\"980\" src=\"https:\/\/kapitaen-mueller.de\/wp-content\/uploads\/2025\/09\/Schloss-2.jpeg\" alt=\"\" class=\"wp-image-980\" srcset=\"https:\/\/kapitaen-mueller.de\/wp-content\/uploads\/2025\/09\/Schloss-2.jpeg 480w, https:\/\/kapitaen-mueller.de\/wp-content\/uploads\/2025\/09\/Schloss-2-225x300.jpeg 225w\" sizes=\"auto, (max-width: 480px) 100vw, 480px\" \/><\/figure>\n\n\n\n<figure class=\"wp-block-image size-large\"><img loading=\"lazy\" decoding=\"async\" width=\"640\" height=\"480\" data-id=\"979\" src=\"https:\/\/kapitaen-mueller.de\/wp-content\/uploads\/2025\/09\/Schloss-6.jpeg\" alt=\"\" class=\"wp-image-979\" srcset=\"https:\/\/kapitaen-mueller.de\/wp-content\/uploads\/2025\/09\/Schloss-6.jpeg 640w, https:\/\/kapitaen-mueller.de\/wp-content\/uploads\/2025\/09\/Schloss-6-300x225.jpeg 300w\" sizes=\"auto, (max-width: 640px) 100vw, 640px\" \/><\/figure>\n\n\n\n<figure class=\"wp-block-image size-large\"><img loading=\"lazy\" decoding=\"async\" width=\"480\" height=\"640\" data-id=\"978\" src=\"https:\/\/kapitaen-mueller.de\/wp-content\/uploads\/2025\/09\/Schloss-5.jpeg\" alt=\"\" class=\"wp-image-978\" srcset=\"https:\/\/kapitaen-mueller.de\/wp-content\/uploads\/2025\/09\/Schloss-5.jpeg 480w, https:\/\/kapitaen-mueller.de\/wp-content\/uploads\/2025\/09\/Schloss-5-225x300.jpeg 225w\" sizes=\"auto, (max-width: 480px) 100vw, 480px\" \/><\/figure>\n<\/figure>\n\n\n\n<p>Architektonisch zeigt sich das Schloss als massiver Backsteinbau mit gotischen und sp\u00e4ter hinzugef\u00fcgten Renaissance- und Barockelementen. Besonders markant ist der hohe Treppengiebel, der die Fassade pr\u00e4gt und dem Bauwerk eine w\u00fcrdige Erscheinung verleiht. Im Inneren finden sich kunstvolle Holzdecken, Kamine und historische R\u00e4ume, die bis heute einen Eindruck vom Leben der Amtm\u00e4nner und ihrer Familien vermitteln. Obwohl das Schloss mehrfach umgebaut und modernisiert wurde, bewahrte es stets seinen historischen Charakter und gilt heute als eines der bedeutendsten Kulturdenkm\u00e4ler der Stadt.<\/p>\n\n\n<div class=\"wp-block-image\">\n<figure class=\"aligncenter size-full\"><img loading=\"lazy\" decoding=\"async\" width=\"1280\" height=\"960\" src=\"https:\/\/kapitaen-mueller.de\/wp-content\/uploads\/2025\/09\/IMG_2375.jpeg\" alt=\"\" class=\"wp-image-1014\" srcset=\"https:\/\/kapitaen-mueller.de\/wp-content\/uploads\/2025\/09\/IMG_2375.jpeg 1280w, https:\/\/kapitaen-mueller.de\/wp-content\/uploads\/2025\/09\/IMG_2375-300x225.jpeg 300w, https:\/\/kapitaen-mueller.de\/wp-content\/uploads\/2025\/09\/IMG_2375-1024x768.jpeg 1024w, https:\/\/kapitaen-mueller.de\/wp-content\/uploads\/2025\/09\/IMG_2375-768x576.jpeg 768w\" sizes=\"auto, (max-width: 1280px) 100vw, 1280px\" \/><\/figure>\n<\/div>\n\n\n<p>Doch Schloss Ritzeb\u00fcttel ist nicht nur ein Bauwerk von architektonischem Wert, sondern auch ein lebendiger Ort der Kultur. Nach umfangreichen Restaurierungen dient es heute als \u201eB\u00fcrgerschloss\u201c und ist f\u00fcr die \u00d6ffentlichkeit zug\u00e4nglich. Regelm\u00e4\u00dfig finden hier Ausstellungen, Konzerte, Lesungen und Theaterauff\u00fchrungen statt. Besonders beliebt sind die kulturellen Veranstaltungen im Rittersaal, der mit seiner historischen Ausstattung eine einzigartige Atmosph\u00e4re schafft. Auch Hochzeiten werden im Schloss gefeiert \u2013 nicht wenige Paare geben sich im romantischen Ambiente des alten Gem\u00e4uers das Jawort.<\/p>\n\n\n\n<p>Umgeben ist das Schloss von einer kleinen Parkanlage, die zum Verweilen einl\u00e4dt. Die gepflegten Gr\u00fcnfl\u00e4chen, alten B\u00e4ume und Blumenbeete bilden einen ruhigen Kontrast zur gesch\u00e4ftigen Innenstadt und machen das Schlossgel\u00e4nde zu einer Oase der Entspannung. Bei sch\u00f6nem Wetter nutzen Einheimische und Besucher den Park, um spazieren zu gehen, sich auf einer Bank niederzulassen oder einfach den Blick auf das eindrucksvolle Bauwerk zu genie\u00dfen.<\/p>\n\n\n\n<figure class=\"wp-block-gallery has-nested-images columns-default is-cropped wp-block-gallery-2 is-layout-flex wp-block-gallery-is-layout-flex\">\n<figure class=\"wp-block-image size-large\"><img loading=\"lazy\" decoding=\"async\" width=\"1024\" height=\"768\" data-id=\"1013\" src=\"https:\/\/kapitaen-mueller.de\/wp-content\/uploads\/2025\/09\/IMG_2387-1024x768.jpeg\" alt=\"\" class=\"wp-image-1013\" srcset=\"https:\/\/kapitaen-mueller.de\/wp-content\/uploads\/2025\/09\/IMG_2387-1024x768.jpeg 1024w, https:\/\/kapitaen-mueller.de\/wp-content\/uploads\/2025\/09\/IMG_2387-300x225.jpeg 300w, https:\/\/kapitaen-mueller.de\/wp-content\/uploads\/2025\/09\/IMG_2387-768x576.jpeg 768w, https:\/\/kapitaen-mueller.de\/wp-content\/uploads\/2025\/09\/IMG_2387.jpeg 1280w\" sizes=\"auto, (max-width: 1024px) 100vw, 1024px\" \/><\/figure>\n\n\n\n<figure class=\"wp-block-image size-large\"><img loading=\"lazy\" decoding=\"async\" width=\"1024\" height=\"768\" data-id=\"1012\" src=\"https:\/\/kapitaen-mueller.de\/wp-content\/uploads\/2025\/09\/IMG_2389-1024x768.jpeg\" alt=\"\" class=\"wp-image-1012\" srcset=\"https:\/\/kapitaen-mueller.de\/wp-content\/uploads\/2025\/09\/IMG_2389-1024x768.jpeg 1024w, https:\/\/kapitaen-mueller.de\/wp-content\/uploads\/2025\/09\/IMG_2389-300x225.jpeg 300w, https:\/\/kapitaen-mueller.de\/wp-content\/uploads\/2025\/09\/IMG_2389-768x576.jpeg 768w, https:\/\/kapitaen-mueller.de\/wp-content\/uploads\/2025\/09\/IMG_2389.jpeg 1280w\" sizes=\"auto, (max-width: 1024px) 100vw, 1024px\" \/><\/figure>\n\n\n\n<figure class=\"wp-block-image size-large\"><img loading=\"lazy\" decoding=\"async\" width=\"1024\" height=\"768\" data-id=\"1008\" src=\"https:\/\/kapitaen-mueller.de\/wp-content\/uploads\/2025\/09\/IMG_2385-1024x768.jpeg\" alt=\"\" class=\"wp-image-1008\" srcset=\"https:\/\/kapitaen-mueller.de\/wp-content\/uploads\/2025\/09\/IMG_2385-1024x768.jpeg 1024w, https:\/\/kapitaen-mueller.de\/wp-content\/uploads\/2025\/09\/IMG_2385-300x225.jpeg 300w, https:\/\/kapitaen-mueller.de\/wp-content\/uploads\/2025\/09\/IMG_2385-768x576.jpeg 768w, https:\/\/kapitaen-mueller.de\/wp-content\/uploads\/2025\/09\/IMG_2385.jpeg 1280w\" sizes=\"auto, (max-width: 1024px) 100vw, 1024px\" \/><\/figure>\n\n\n\n<figure class=\"wp-block-image size-large\"><img loading=\"lazy\" decoding=\"async\" width=\"1024\" height=\"774\" data-id=\"1006\" src=\"https:\/\/kapitaen-mueller.de\/wp-content\/uploads\/2025\/09\/IMG_2391-1024x774.jpeg\" alt=\"\" class=\"wp-image-1006\" srcset=\"https:\/\/kapitaen-mueller.de\/wp-content\/uploads\/2025\/09\/IMG_2391-1024x774.jpeg 1024w, https:\/\/kapitaen-mueller.de\/wp-content\/uploads\/2025\/09\/IMG_2391-300x227.jpeg 300w, https:\/\/kapitaen-mueller.de\/wp-content\/uploads\/2025\/09\/IMG_2391-768x581.jpeg 768w, https:\/\/kapitaen-mueller.de\/wp-content\/uploads\/2025\/09\/IMG_2391.jpeg 1280w\" sizes=\"auto, (max-width: 1024px) 100vw, 1024px\" \/><\/figure>\n\n\n\n<figure class=\"wp-block-image size-large\"><img loading=\"lazy\" decoding=\"async\" width=\"640\" height=\"480\" data-id=\"996\" src=\"https:\/\/kapitaen-mueller.de\/wp-content\/uploads\/2025\/09\/Schweizerhaus-6.jpeg\" alt=\"\" class=\"wp-image-996\" srcset=\"https:\/\/kapitaen-mueller.de\/wp-content\/uploads\/2025\/09\/Schweizerhaus-6.jpeg 640w, https:\/\/kapitaen-mueller.de\/wp-content\/uploads\/2025\/09\/Schweizerhaus-6-300x225.jpeg 300w\" sizes=\"auto, (max-width: 640px) 100vw, 640px\" \/><\/figure>\n\n\n\n<figure class=\"wp-block-image size-large\"><img loading=\"lazy\" decoding=\"async\" width=\"480\" height=\"640\" data-id=\"1001\" src=\"https:\/\/kapitaen-mueller.de\/wp-content\/uploads\/2025\/09\/Ehrenmal-7.jpeg\" alt=\"\" class=\"wp-image-1001\" srcset=\"https:\/\/kapitaen-mueller.de\/wp-content\/uploads\/2025\/09\/Ehrenmal-7.jpeg 480w, https:\/\/kapitaen-mueller.de\/wp-content\/uploads\/2025\/09\/Ehrenmal-7-225x300.jpeg 225w\" sizes=\"auto, (max-width: 480px) 100vw, 480px\" \/><\/figure>\n\n\n\n<figure class=\"wp-block-image size-large\"><img loading=\"lazy\" decoding=\"async\" width=\"640\" height=\"480\" data-id=\"1000\" src=\"https:\/\/kapitaen-mueller.de\/wp-content\/uploads\/2025\/09\/Schweizerhaus-4.jpeg\" alt=\"\" class=\"wp-image-1000\" srcset=\"https:\/\/kapitaen-mueller.de\/wp-content\/uploads\/2025\/09\/Schweizerhaus-4.jpeg 640w, https:\/\/kapitaen-mueller.de\/wp-content\/uploads\/2025\/09\/Schweizerhaus-4-300x225.jpeg 300w\" sizes=\"auto, (max-width: 640px) 100vw, 640px\" \/><\/figure>\n\n\n\n<figure class=\"wp-block-image size-large\"><img loading=\"lazy\" decoding=\"async\" width=\"640\" height=\"480\" data-id=\"992\" src=\"https:\/\/kapitaen-mueller.de\/wp-content\/uploads\/2025\/09\/Schweizerhaus-8.jpeg\" alt=\"\" class=\"wp-image-992\" srcset=\"https:\/\/kapitaen-mueller.de\/wp-content\/uploads\/2025\/09\/Schweizerhaus-8.jpeg 640w, https:\/\/kapitaen-mueller.de\/wp-content\/uploads\/2025\/09\/Schweizerhaus-8-300x225.jpeg 300w\" sizes=\"auto, (max-width: 640px) 100vw, 640px\" \/><\/figure>\n\n\n\n<figure class=\"wp-block-image size-large\"><img loading=\"lazy\" decoding=\"async\" width=\"640\" height=\"480\" data-id=\"989\" src=\"https:\/\/kapitaen-mueller.de\/wp-content\/uploads\/2025\/09\/Schweizerhaus-11.jpeg\" alt=\"\" class=\"wp-image-989\" srcset=\"https:\/\/kapitaen-mueller.de\/wp-content\/uploads\/2025\/09\/Schweizerhaus-11.jpeg 640w, https:\/\/kapitaen-mueller.de\/wp-content\/uploads\/2025\/09\/Schweizerhaus-11-300x225.jpeg 300w\" sizes=\"auto, (max-width: 640px) 100vw, 640px\" \/><\/figure>\n\n\n\n<figure class=\"wp-block-image size-large\"><img loading=\"lazy\" decoding=\"async\" width=\"640\" height=\"480\" data-id=\"983\" src=\"https:\/\/kapitaen-mueller.de\/wp-content\/uploads\/2025\/09\/Gewoelbeeingang-2.jpeg\" alt=\"\" class=\"wp-image-983\" srcset=\"https:\/\/kapitaen-mueller.de\/wp-content\/uploads\/2025\/09\/Gewoelbeeingang-2.jpeg 640w, https:\/\/kapitaen-mueller.de\/wp-content\/uploads\/2025\/09\/Gewoelbeeingang-2-300x225.jpeg 300w\" sizes=\"auto, (max-width: 640px) 100vw, 640px\" \/><\/figure>\n\n\n\n<figure class=\"wp-block-image size-large\"><img loading=\"lazy\" decoding=\"async\" width=\"640\" height=\"480\" data-id=\"987\" src=\"https:\/\/kapitaen-mueller.de\/wp-content\/uploads\/2025\/09\/Park-6.jpeg\" alt=\"\" class=\"wp-image-987\" srcset=\"https:\/\/kapitaen-mueller.de\/wp-content\/uploads\/2025\/09\/Park-6.jpeg 640w, https:\/\/kapitaen-mueller.de\/wp-content\/uploads\/2025\/09\/Park-6-300x225.jpeg 300w\" sizes=\"auto, (max-width: 640px) 100vw, 640px\" \/><\/figure>\n\n\n\n<figure class=\"wp-block-image size-large\"><img loading=\"lazy\" decoding=\"async\" width=\"640\" height=\"480\" data-id=\"974\" src=\"https:\/\/kapitaen-mueller.de\/wp-content\/uploads\/2025\/09\/Schlossgraben-3.jpeg\" alt=\"\" class=\"wp-image-974\" srcset=\"https:\/\/kapitaen-mueller.de\/wp-content\/uploads\/2025\/09\/Schlossgraben-3.jpeg 640w, https:\/\/kapitaen-mueller.de\/wp-content\/uploads\/2025\/09\/Schlossgraben-3-300x225.jpeg 300w\" sizes=\"auto, (max-width: 640px) 100vw, 640px\" \/><\/figure>\n<\/figure>\n\n\n\n<p>Besonders faszinierend ist, wie Schloss Ritzeb\u00fcttel als Symbol der wechselvollen Geschichte Cuxhavens steht. Von der mittelalterlichen Handelsmacht Hamburg \u00fcber die Zeit der preu\u00dfischen Herrschaft bis hin zur Eingemeindung in Niedersachsen \u2013 das Schloss war stets ein zentraler Ort, an dem die Geschicke der Stadt gelenkt wurden. Heute erinnert es nicht nur an diese Vergangenheit, sondern erf\u00fcllt auch eine moderne Rolle als kulturelles Zentrum und Begegnungsst\u00e4tte.<\/p>\n\n\n\n<p>F\u00fcr Touristen ist ein Besuch des Schlosses daher ein absolutes Muss. Wer durch die alten R\u00e4ume geht, die Ausstellung besucht oder an einer F\u00fchrung teilnimmt, bekommt ein lebendiges Bild von der Historie Cuxhavens. Gleichzeitig erlebt man, wie das alte Bauwerk mit neuem Leben gef\u00fcllt wird \u2013 ein eindrucksvolles Beispiel daf\u00fcr, wie Geschichte und Gegenwart Hand in Hand gehen k\u00f6nnen.<\/p>\n\n\n\n<figure class=\"wp-block-gallery has-nested-images columns-default is-cropped wp-block-gallery-3 is-layout-flex wp-block-gallery-is-layout-flex\">\n<figure class=\"wp-block-image size-large\"><img loading=\"lazy\" decoding=\"async\" width=\"480\" height=\"640\" data-id=\"985\" src=\"https:\/\/kapitaen-mueller.de\/wp-content\/uploads\/2025\/09\/Marstall-1.jpeg\" alt=\"\" class=\"wp-image-985\" srcset=\"https:\/\/kapitaen-mueller.de\/wp-content\/uploads\/2025\/09\/Marstall-1.jpeg 480w, https:\/\/kapitaen-mueller.de\/wp-content\/uploads\/2025\/09\/Marstall-1-225x300.jpeg 225w\" sizes=\"auto, (max-width: 480px) 100vw, 480px\" \/><\/figure>\n<\/figure>\n\n\n\n<p><br><strong>Schloss Ritzeb\u00fcttel<\/strong> ist damit mehr als nur ein Relikt aus der Vergangenheit. Es ist ein Herzst\u00fcck Cuxhavens, das Tradition und Kultur in sich vereint, ein Ort der Begegnung und Inspiration. Ob man sich f\u00fcr Geschichte interessiert, Kulturveranstaltungen liebt oder einfach einen besonderen Ort inmitten der Stadt erleben m\u00f6chte \u2013 das Schloss bietet all das und noch mehr. Wer Cuxhaven besucht, sollte sich dieses historische Juwel auf keinen Fall entgehen lassen.<\/p>\n\n\n\n<iframe src=\"https:\/\/www.google.com\/maps\/embed?pb=!1m18!1m12!1m3!1d2598.314201226817!2d8.69594427701882!3d53.85726537244201!2m3!1f0!2f0!3f0!3m2!1i1024!2i768!4f13.1!3m3!1m2!1s0x47b4040a9153fb35%3A0x4f7e99e0cdc1af83!2sSchloss%20Ritzeb%C3%BCttel!5e1!3m2!1sde!2sdk!4v1758725645209!5m2!1sde!2sdk\" width=\"100%\" height=\"550\" style=\"border:0;\" allowfullscreen=\"\" loading=\"lazy\" referrerpolicy=\"no-referrer-when-downgrade\"><\/iframe>\n","protected":false},"excerpt":{"rendered":"<p>Mitten im Stadtzentrum von Cuxhaven erhebt sich ein Bauwerk, das wie kaum ein anderes f\u00fcr die lange Geschichte und die kulturelle Identit\u00e4t der Stadt steht: das Schloss Ritzeb\u00fcttel. Es z\u00e4hlt zu den \u00e4ltesten Profanbauten der Region und ist eines der wenigen erhaltenen Backsteinschl\u00f6sser Norddeutschlands aus dem sp\u00e4ten Mittelalter. Heute ist es ein kulturelles Zentrum, das&#8230;<\/p>\n","protected":false},"author":1,"featured_media":975,"parent":0,"menu_order":0,"comment_status":"closed","ping_status":"closed","template":"","meta":{"_kadence_starter_templates_imported_post":false,"_kad_post_transparent":"","_kad_post_title":"","_kad_post_layout":"","_kad_post_sidebar_id":"","_kad_post_content_style":"","_kad_post_vertical_padding":"","_kad_post_feature":"","_kad_post_feature_position":"","_kad_post_header":false,"_kad_post_footer":false,"footnotes":""},"class_list":["post-46","page","type-page","status-publish","has-post-thumbnail","hentry"],"_links":{"self":[{"href":"https:\/\/kapitaen-mueller.de\/index.php?rest_route=\/wp\/v2\/pages\/46","targetHints":{"allow":["GET"]}}],"collection":[{"href":"https:\/\/kapitaen-mueller.de\/index.php?rest_route=\/wp\/v2\/pages"}],"about":[{"href":"https:\/\/kapitaen-mueller.de\/index.php?rest_route=\/wp\/v2\/types\/page"}],"author":[{"embeddable":true,"href":"https:\/\/kapitaen-mueller.de\/index.php?rest_route=\/wp\/v2\/users\/1"}],"replies":[{"embeddable":true,"href":"https:\/\/kapitaen-mueller.de\/index.php?rest_route=%2Fwp%2Fv2%2Fcomments&post=46"}],"version-history":[{"count":7,"href":"https:\/\/kapitaen-mueller.de\/index.php?rest_route=\/wp\/v2\/pages\/46\/revisions"}],"predecessor-version":[{"id":1022,"href":"https:\/\/kapitaen-mueller.de\/index.php?rest_route=\/wp\/v2\/pages\/46\/revisions\/1022"}],"wp:featuredmedia":[{"embeddable":true,"href":"https:\/\/kapitaen-mueller.de\/index.php?rest_route=\/wp\/v2\/media\/975"}],"wp:attachment":[{"href":"https:\/\/kapitaen-mueller.de\/index.php?rest_route=%2Fwp%2Fv2%2Fmedia&parent=46"}],"curies":[{"name":"wp","href":"https:\/\/api.w.org\/{rel}","templated":true}]}}