{"id":21,"date":"2025-09-01T16:04:13","date_gmt":"2025-09-01T16:04:13","guid":{"rendered":"https:\/\/kapitaen-mueller.de\/?page_id=21"},"modified":"2026-02-11T14:02:18","modified_gmt":"2026-02-11T14:02:18","slug":"ueber-uns","status":"publish","type":"page","link":"https:\/\/kapitaen-mueller.de\/","title":{"rendered":"\u00dcber uns"},"content":{"rendered":"\n<p><strong>\u00dcber uns \u2013 Tradition trifft Zukunft<\/strong><\/p>\n\n\n\n<p>Willkommen bei uns in Cuxhaven!<br>Unsere Familie lebt seit Generationen mit dem Meer \u2013 es pr\u00e4gt unseren Alltag, unsere Geschichten und unsere Heimat. Schon meine Vorfahren waren eng mit der Seefahrt verbunden. Sie kannten die gro\u00dfen H\u00e4fen der Welt, doch egal wie weit die Reise auch f\u00fchrte: Der Anker wurde immer wieder in Cuxhaven geworfen.<\/p>\n\n\n<div class=\"wp-block-image\">\n<figure class=\"aligncenter size-large\"><img loading=\"lazy\" decoding=\"async\" width=\"1024\" height=\"266\" src=\"https:\/\/kapitaen-mueller.de\/wp-content\/uploads\/2025\/09\/DJI_0299-1-e1757407160488-1024x266.jpeg\" alt=\"\" class=\"wp-image-859\" srcset=\"https:\/\/kapitaen-mueller.de\/wp-content\/uploads\/2025\/09\/DJI_0299-1-e1757407160488-1024x266.jpeg 1024w, https:\/\/kapitaen-mueller.de\/wp-content\/uploads\/2025\/09\/DJI_0299-1-e1757407160488-300x78.jpeg 300w, https:\/\/kapitaen-mueller.de\/wp-content\/uploads\/2025\/09\/DJI_0299-1-e1757407160488-768x199.jpeg 768w, https:\/\/kapitaen-mueller.de\/wp-content\/uploads\/2025\/09\/DJI_0299-1-e1757407160488.jpeg 1028w\" sizes=\"auto, (max-width: 1024px) 100vw, 1024px\" \/><figcaption class=\"wp-element-caption\">Direkt am Deich<\/figcaption><\/figure>\n<\/div>\n\n\n<p>Als Seemann habe auch ich viele L\u00e4nder gesehen, unbekannte K\u00fcsten erkundet und unz\u00e4hlige H\u00e4fen angelaufen. Doch so aufregend die Ferne auch ist \u2013 nichts erf\u00fcllt mich mehr, als nach Hause zur\u00fcckzukehren. Der vertraute Blick auf die Kugelbake, das Rauschen der Nordsee, die klare Brise und das Gef\u00fchl, am richtigen Ort zu sein \u2013 all das ist f\u00fcr mich Heimat.<\/p>\n\n\n\n<p>Diese Heimat m\u00f6chten wir mit Ihnen teilen.<\/p>\n\n\n\n<iframe loading=\"lazy\" width=\"100%\" height=\"515\" src=\"https:\/\/www.youtube.com\/embed\/prftTsW4fJc?si=TtzwO5KOxNHlsnw1\" title=\"YouTube video player\" frameborder=\"0\" allow=\"accelerometer; autoplay; clipboard-write; encrypted-media; gyroscope; picture-in-picture; web-share\" referrerpolicy=\"strict-origin-when-cross-origin\" allowfullscreen><\/iframe>\n\n\n\n<p><strong>Unsere Tradition<\/strong><\/p>\n\n\n\n<p>Schon meine Vorfahren haben G\u00e4ste in Cuxhaven willkommen gehei\u00dfen und ihnen ein Zuhause auf Zeit geboten. Es war stets ein Ort, an dem Reisende die norddeutsche Herzlichkeit erleben konnten, an dem Geschichten am K\u00fcchentisch geteilt wurden und an dem sich mancher Fremde schon bald als Freund f\u00fchlte.<\/p>\n\n\n\n<p>Diese Tradition f\u00fchren wir heute weiter \u2013 mit viel Liebe zum Detail, frisch renovierten Ferienwohnungen und dem Wunsch, dass Sie Cuxhaven genauso kennenlernen und lieben lernen, wie wir es seit vielen Jahren tun.<\/p>\n\n\n\n<p><strong>Unsere Ferienwohnungen<\/strong><\/p>\n\n\n\n<p>Hier gibt es keine \u201eBettenburg\u201c, die den Blick aufs Meer versperrt. Stattdessen erwarten Sie individuelle, gem\u00fctliche Wohnungen, die mit maritimem Flair und moderner Ausstattung \u00fcberzeugen. Der Strand ist nie weit entfernt \u2013 zu Fu\u00df erreichbar, ohne Umwege.<\/p>\n\n\n\n<p>Ob f\u00fcr einen kurzen Wochenendtrip oder f\u00fcr die gro\u00dfe Auszeit: Unsere Wohnungen sind so gestaltet, dass Sie sich sofort wohlf\u00fchlen k\u00f6nnen.<\/p>\n\n\n\n<figure class=\"wp-block-gallery has-nested-images columns-default is-cropped wp-block-gallery-1 is-layout-flex wp-block-gallery-is-layout-flex\">\n<figure class=\"wp-block-image size-full\"><img loading=\"lazy\" decoding=\"async\" width=\"454\" height=\"454\" data-id=\"12\" src=\"https:\/\/kapitaen-mueller.de\/wp-content\/uploads\/2025\/07\/bild-capmueller-pans-28-03_zoom.jpg\" alt=\"\" class=\"wp-image-12\" srcset=\"https:\/\/kapitaen-mueller.de\/wp-content\/uploads\/2025\/07\/bild-capmueller-pans-28-03_zoom.jpg 454w, https:\/\/kapitaen-mueller.de\/wp-content\/uploads\/2025\/07\/bild-capmueller-pans-28-03_zoom-300x300.jpg 300w, https:\/\/kapitaen-mueller.de\/wp-content\/uploads\/2025\/07\/bild-capmueller-pans-28-03_zoom-150x150.jpg 150w\" sizes=\"auto, (max-width: 454px) 100vw, 454px\" \/><figcaption class=\"wp-element-caption\">Wohnung Michaelis<\/figcaption><\/figure>\n\n\n\n<figure class=\"wp-block-image size-full\"><img loading=\"lazy\" decoding=\"async\" width=\"454\" height=\"454\" data-id=\"11\" src=\"https:\/\/kapitaen-mueller.de\/wp-content\/uploads\/2025\/07\/bild-capmueller-pans-23-02_zoom.jpg\" alt=\"\" class=\"wp-image-11\" srcset=\"https:\/\/kapitaen-mueller.de\/wp-content\/uploads\/2025\/07\/bild-capmueller-pans-23-02_zoom.jpg 454w, https:\/\/kapitaen-mueller.de\/wp-content\/uploads\/2025\/07\/bild-capmueller-pans-23-02_zoom-300x300.jpg 300w, https:\/\/kapitaen-mueller.de\/wp-content\/uploads\/2025\/07\/bild-capmueller-pans-23-02_zoom-150x150.jpg 150w\" sizes=\"auto, (max-width: 454px) 100vw, 454px\" \/><figcaption class=\"wp-element-caption\">Wohnung Wigbold<\/figcaption><\/figure>\n\n\n\n<figure class=\"wp-block-image size-full\"><img loading=\"lazy\" decoding=\"async\" width=\"454\" height=\"454\" data-id=\"10\" src=\"https:\/\/kapitaen-mueller.de\/wp-content\/uploads\/2025\/07\/bild-capmueller-pans-21-02_zoom.jpg\" alt=\"\" class=\"wp-image-10\" srcset=\"https:\/\/kapitaen-mueller.de\/wp-content\/uploads\/2025\/07\/bild-capmueller-pans-21-02_zoom.jpg 454w, https:\/\/kapitaen-mueller.de\/wp-content\/uploads\/2025\/07\/bild-capmueller-pans-21-02_zoom-300x300.jpg 300w, https:\/\/kapitaen-mueller.de\/wp-content\/uploads\/2025\/07\/bild-capmueller-pans-21-02_zoom-150x150.jpg 150w\" sizes=\"auto, (max-width: 454px) 100vw, 454px\" \/><figcaption class=\"wp-element-caption\">Wohnung St\u00f6rtebecker<\/figcaption><\/figure>\n<\/figure>\n\n\n\n<p><strong>Unser Herz schl\u00e4gt f\u00fcr Cuxhaven<\/strong><\/p>\n\n\n\n<p>Wir sind selbst gern unterwegs: zur Kugelbake, ins Watt, an den Hafen oder einfach auf einen Spaziergang entlang der Deiche. Jeder Besuch an den vertrauten Orten erinnert uns daran, wie besonders unsere Heimat ist \u2013 und wie viel Freude es bereitet, diese Eindr\u00fccke mit G\u00e4sten zu teilen.<\/p>\n\n\n\n<p>Darum ist es uns wichtig, dass Sie bei uns nicht nur \u00fcbernachten, sondern Cuxhaven erleben. Die Weite der Nordsee, die Tradition der Schifffahrt, das Rufen der M\u00f6wen \u2013 all das geh\u00f6rt zu einem echten Aufenthalt hier bei uns.<\/p>\n\n\n\n<p><strong>Wir freuen uns auf Sie \u2013 und auf Dich<\/strong><\/p>\n\n\n\n<p>Ob Sie als Familie, als Paar, allein oder mit Freunden kommen \u2013 wir hei\u00dfen Sie herzlich willkommen. Wir freuen uns darauf, Sie kennenzulernen, Ihnen die sch\u00f6nsten Seiten unserer Stadt zu zeigen und Ihnen ein St\u00fcckchen von dem Gef\u00fchl zu geben, das uns seit Generationen begleitet:<\/p>\n\n\n\n<p><strong>Ankommen. Durchatmen. Zuhause sein.<\/strong><\/p>\n\n\n\n<p>Wir freuen uns auf Sie \u2013 und auf Dich!<\/p>\n\n\n\n<iframe src=\"https:\/\/www.google.com\/maps\/embed?pb=!1m18!1m12!1m3!1d4702.830835155408!2d8.661489712920947!3d53.8888199723368!2m3!1f0!2f0!3f0!3m2!1i1024!2i768!4f13.1!3m3!1m2!1s0x47b404f1b0790acf%3A0x4a8800e5cdcfe0b2!2sKapit%C3%A4n%20M%C3%BCller%20-%20Ferienwohnungen%20an%20der%20Nordsee!5e0!3m2!1sde!2sdk!4v1757407009139!5m2!1sde!2sdk\" width=\"100%\" height=\"550\" style=\"border:0;\" allowfullscreen=\"\" loading=\"lazy\" referrerpolicy=\"no-referrer-when-downgrade\"><\/iframe>\n","protected":false},"excerpt":{"rendered":"<p>\u00dcber uns \u2013 Tradition trifft Zukunft Willkommen bei uns in Cuxhaven!Unsere Familie lebt seit Generationen mit dem Meer \u2013 es pr\u00e4gt unseren Alltag, unsere Geschichten und unsere Heimat. Schon meine Vorfahren waren eng mit der Seefahrt verbunden. Sie kannten die gro\u00dfen H\u00e4fen der Welt, doch egal wie weit die Reise auch f\u00fchrte: Der Anker wurde&#8230;<\/p>\n","protected":false},"author":1,"featured_media":0,"parent":0,"menu_order":0,"comment_status":"closed","ping_status":"closed","template":"","meta":{"_kadence_starter_templates_imported_post":false,"_kad_post_transparent":"","_kad_post_title":"","_kad_post_layout":"","_kad_post_sidebar_id":"","_kad_post_content_style":"","_kad_post_vertical_padding":"","_kad_post_feature":"","_kad_post_feature_position":"","_kad_post_header":false,"_kad_post_footer":false,"footnotes":""},"class_list":["post-21","page","type-page","status-publish","hentry"],"_links":{"self":[{"href":"https:\/\/kapitaen-mueller.de\/index.php?rest_route=\/wp\/v2\/pages\/21","targetHints":{"allow":["GET"]}}],"collection":[{"href":"https:\/\/kapitaen-mueller.de\/index.php?rest_route=\/wp\/v2\/pages"}],"about":[{"href":"https:\/\/kapitaen-mueller.de\/index.php?rest_route=\/wp\/v2\/types\/page"}],"author":[{"embeddable":true,"href":"https:\/\/kapitaen-mueller.de\/index.php?rest_route=\/wp\/v2\/users\/1"}],"replies":[{"embeddable":true,"href":"https:\/\/kapitaen-mueller.de\/index.php?rest_route=%2Fwp%2Fv2%2Fcomments&post=21"}],"version-history":[{"count":8,"href":"https:\/\/kapitaen-mueller.de\/index.php?rest_route=\/wp\/v2\/pages\/21\/revisions"}],"predecessor-version":[{"id":1088,"href":"https:\/\/kapitaen-mueller.de\/index.php?rest_route=\/wp\/v2\/pages\/21\/revisions\/1088"}],"wp:attachment":[{"href":"https:\/\/kapitaen-mueller.de\/index.php?rest_route=%2Fwp%2Fv2%2Fmedia&parent=21"}],"curies":[{"name":"wp","href":"https:\/\/api.w.org\/{rel}","templated":true}]}}